{"id":32,"date":"2017-02-28T19:10:00","date_gmt":"2017-02-28T19:10:00","guid":{"rendered":"http:\/\/digitalmainstreet.ca\/?page_id=32"},"modified":"2022-05-16T09:23:28","modified_gmt":"2022-05-16T13:23:28","slug":"tools","status":"publish","type":"page","link":"https:\/\/digitalmainstreet.ca\/fr\/tools\/","title":{"rendered":"Des outils pour aider votre entreprise \u00e0 adopter la technologie num\u00e9rique"},"content":{"rendered":"<p class=\"tools-intro\">Digital Main Street a dress\u00e9 une liste d'outils, de guides pratiques et de tutoriels disponibles pour aider toutes les entreprises locales \u00e0 adopter la technologie num\u00e9rique. Vous trouverez des renseignements sur la fa\u00e7on d'\u00e9tablir votre pr\u00e9sence en ligne, d'utiliser efficacement les m\u00e9dias sociaux et les publicit\u00e9s payantes, et bien plus encore.\u00a0<\/p>","protected":false},"excerpt":{"rendered":"<p>Digital Main Street a dress\u00e9 une liste d'outils, de guides pratiques et de tutoriels disponibles pour aider toutes les entreprises locales \u00e0 adopter la technologie num\u00e9rique. Vous trouverez des renseignements sur la fa\u00e7on d'\u00e9tablir votre pr\u00e9sence en ligne, d'utiliser efficacement les m\u00e9dias sociaux et les publicit\u00e9s payantes, et bien plus encore.\u00a0<\/p>","protected":false},"author":1,"featured_media":0,"parent":0,"menu_order":0,"comment_status":"closed","ping_status":"closed","template":"template-tools.php","meta":{"_acf_changed":false,"footnotes":""},"class_list":["post-32","page","type-page","status-publish","hentry"],"acf":[],"yoast_head":"<!-- This site is optimized with the Yoast SEO Premium plugin v27.1 (Yoast SEO v27.1.1) - https:\/\/yoast.com\/product\/yoast-seo-premium-wordpress\/ -->\n<title>Tools to help your business adopt digital technology - Digital Main Street<\/title>\n<meta name=\"robots\" content=\"index, follow, max-snippet:-1, max-image-preview:large, max-video-preview:-1\" \/>\n<link rel=\"canonical\" href=\"https:\/\/digitalmainstreet.ca\/fr\/tools\/\" \/>\n<meta property=\"og:locale\" content=\"fr_CA\" \/>\n<meta property=\"og:type\" content=\"article\" \/>\n<meta property=\"og:title\" content=\"Tools to help your business adopt digital technology\" \/>\n<meta property=\"og:description\" content=\"Digital Main Street has compiled a list of tools, how-to guides and tutorials available to assist all main street business in embracing digital technology. You can find information on: how to build your online presence, using social media effectively, paid advertising, and much more.\u00a0\" \/>\n<meta property=\"og:url\" content=\"https:\/\/digitalmainstreet.ca\/fr\/tools\/\" \/>\n<meta property=\"og:site_name\" content=\"Digital Main Street\" \/>\n<meta property=\"article:publisher\" content=\"https:\/\/www.facebook.com\/DigitalMainStreet\/\" \/>\n<meta property=\"article:modified_time\" content=\"2022-05-16T13:23:28+00:00\" \/>\n<meta property=\"og:image\" content=\"https:\/\/digitalmainstreet.ca\/wp-content\/uploads\/2018\/11\/DMS-Banner.jpg\" \/>\n\t<meta property=\"og:image:width\" content=\"800\" \/>\n\t<meta property=\"og:image:height\" content=\"400\" \/>\n\t<meta property=\"og:image:type\" content=\"image\/jpeg\" \/>\n<meta name=\"twitter:card\" content=\"summary_large_image\" \/>\n<meta name=\"twitter:site\" content=\"@digital_mainst\" \/>\n<script type=\"application\/ld+json\" class=\"yoast-schema-graph\">{\"@context\":\"https:\/\/schema.org\",\"@graph\":[{\"@type\":\"WebPage\",\"@id\":\"https:\/\/digitalmainstreet.ca\/fr\/tools\/\",\"url\":\"https:\/\/digitalmainstreet.ca\/fr\/tools\/\",\"name\":\"Tools to help your business adopt digital technology - Digital Main Street\",\"isPartOf\":{\"@id\":\"https:\/\/digitalmainstreet.ca\/#website\"},\"datePublished\":\"2017-02-28T19:10:00+00:00\",\"dateModified\":\"2022-05-16T13:23:28+00:00\",\"breadcrumb\":{\"@id\":\"https:\/\/digitalmainstreet.ca\/fr\/tools\/#breadcrumb\"},\"inLanguage\":\"fr-CA\",\"potentialAction\":[{\"@type\":\"ReadAction\",\"target\":[\"https:\/\/digitalmainstreet.ca\/fr\/tools\/\"]}]},{\"@type\":\"BreadcrumbList\",\"@id\":\"https:\/\/digitalmainstreet.ca\/fr\/tools\/#breadcrumb\",\"itemListElement\":[{\"@type\":\"ListItem\",\"position\":1,\"name\":\"Home\",\"item\":\"https:\/\/digitalmainstreet.ca\/\"},{\"@type\":\"ListItem\",\"position\":2,\"name\":\"Tools to help your business adopt digital technology\"}]},{\"@type\":\"WebSite\",\"@id\":\"https:\/\/digitalmainstreet.ca\/#website\",\"url\":\"https:\/\/digitalmainstreet.ca\/\",\"name\":\"Digital Main Street\",\"description\":\"Digital Main Street\",\"publisher\":{\"@id\":\"https:\/\/digitalmainstreet.ca\/#organization\"},\"potentialAction\":[{\"@type\":\"SearchAction\",\"target\":{\"@type\":\"EntryPoint\",\"urlTemplate\":\"https:\/\/digitalmainstreet.ca\/?s={search_term_string}\"},\"query-input\":{\"@type\":\"PropertyValueSpecification\",\"valueRequired\":true,\"valueName\":\"search_term_string\"}}],\"inLanguage\":\"fr-CA\"},{\"@type\":\"Organization\",\"@id\":\"https:\/\/digitalmainstreet.ca\/#organization\",\"name\":\"Digital Main Street\",\"url\":\"https:\/\/digitalmainstreet.ca\/\",\"logo\":{\"@type\":\"ImageObject\",\"inLanguage\":\"fr-CA\",\"@id\":\"https:\/\/digitalmainstreet.ca\/#\/schema\/logo\/image\/\",\"url\":\"https:\/\/digitalmainstreet.ca\/wp-content\/uploads\/2017\/04\/dms_logo_colour_boxed-e1492625281888.jpg\",\"contentUrl\":\"https:\/\/digitalmainstreet.ca\/wp-content\/uploads\/2017\/04\/dms_logo_colour_boxed-e1492625281888.jpg\",\"width\":533,\"height\":533,\"caption\":\"Digital Main Street\"},\"image\":{\"@id\":\"https:\/\/digitalmainstreet.ca\/#\/schema\/logo\/image\/\"},\"sameAs\":[\"https:\/\/www.facebook.com\/DigitalMainStreet\/\",\"https:\/\/x.com\/digital_mainst\"]}]}<\/script>\n<!-- \/ Yoast SEO Premium plugin. -->","yoast_head_json":{"title":"Tools to help your business adopt digital technology - Digital Main Street","robots":{"index":"index","follow":"follow","max-snippet":"max-snippet:-1","max-image-preview":"max-image-preview:large","max-video-preview":"max-video-preview:-1"},"canonical":"https:\/\/digitalmainstreet.ca\/fr\/tools\/","og_locale":"fr_CA","og_type":"article","og_title":"Tools to help your business adopt digital technology","og_description":"Digital Main Street has compiled a list of tools, how-to guides and tutorials available to assist all main street business in embracing digital technology. You can find information on: how to build your online presence, using social media effectively, paid advertising, and much more.\u00a0","og_url":"https:\/\/digitalmainstreet.ca\/fr\/tools\/","og_site_name":"Digital Main Street","article_publisher":"https:\/\/www.facebook.com\/DigitalMainStreet\/","article_modified_time":"2022-05-16T13:23:28+00:00","og_image":[{"width":800,"height":400,"url":"https:\/\/digitalmainstreet.ca\/wp-content\/uploads\/2018\/11\/DMS-Banner.jpg","type":"image\/jpeg"}],"twitter_card":"summary_large_image","twitter_site":"@digital_mainst","schema":{"@context":"https:\/\/schema.org","@graph":[{"@type":"WebPage","@id":"https:\/\/digitalmainstreet.ca\/fr\/tools\/","url":"https:\/\/digitalmainstreet.ca\/fr\/tools\/","name":"Tools to help your business adopt digital technology - Digital Main Street","isPartOf":{"@id":"https:\/\/digitalmainstreet.ca\/#website"},"datePublished":"2017-02-28T19:10:00+00:00","dateModified":"2022-05-16T13:23:28+00:00","breadcrumb":{"@id":"https:\/\/digitalmainstreet.ca\/fr\/tools\/#breadcrumb"},"inLanguage":"fr-CA","potentialAction":[{"@type":"ReadAction","target":["https:\/\/digitalmainstreet.ca\/fr\/tools\/"]}]},{"@type":"BreadcrumbList","@id":"https:\/\/digitalmainstreet.ca\/fr\/tools\/#breadcrumb","itemListElement":[{"@type":"ListItem","position":1,"name":"Home","item":"https:\/\/digitalmainstreet.ca\/"},{"@type":"ListItem","position":2,"name":"Tools to help your business adopt digital technology"}]},{"@type":"WebSite","@id":"https:\/\/digitalmainstreet.ca\/#website","url":"https:\/\/digitalmainstreet.ca\/","name":"Digital Main Street","description":"Digital Main Street","publisher":{"@id":"https:\/\/digitalmainstreet.ca\/#organization"},"potentialAction":[{"@type":"SearchAction","target":{"@type":"EntryPoint","urlTemplate":"https:\/\/digitalmainstreet.ca\/?s={search_term_string}"},"query-input":{"@type":"PropertyValueSpecification","valueRequired":true,"valueName":"search_term_string"}}],"inLanguage":"fr-CA"},{"@type":"Organization","@id":"https:\/\/digitalmainstreet.ca\/#organization","name":"Digital Main Street","url":"https:\/\/digitalmainstreet.ca\/","logo":{"@type":"ImageObject","inLanguage":"fr-CA","@id":"https:\/\/digitalmainstreet.ca\/#\/schema\/logo\/image\/","url":"https:\/\/digitalmainstreet.ca\/wp-content\/uploads\/2017\/04\/dms_logo_colour_boxed-e1492625281888.jpg","contentUrl":"https:\/\/digitalmainstreet.ca\/wp-content\/uploads\/2017\/04\/dms_logo_colour_boxed-e1492625281888.jpg","width":533,"height":533,"caption":"Digital Main Street"},"image":{"@id":"https:\/\/digitalmainstreet.ca\/#\/schema\/logo\/image\/"},"sameAs":["https:\/\/www.facebook.com\/DigitalMainStreet\/","https:\/\/x.com\/digital_mainst"]}]}},"_links":{"self":[{"href":"https:\/\/digitalmainstreet.ca\/fr\/wp-json\/wp\/v2\/pages\/32","targetHints":{"allow":["GET"]}}],"collection":[{"href":"https:\/\/digitalmainstreet.ca\/fr\/wp-json\/wp\/v2\/pages"}],"about":[{"href":"https:\/\/digitalmainstreet.ca\/fr\/wp-json\/wp\/v2\/types\/page"}],"author":[{"embeddable":true,"href":"https:\/\/digitalmainstreet.ca\/fr\/wp-json\/wp\/v2\/users\/1"}],"replies":[{"embeddable":true,"href":"https:\/\/digitalmainstreet.ca\/fr\/wp-json\/wp\/v2\/comments?post=32"}],"version-history":[{"count":1,"href":"https:\/\/digitalmainstreet.ca\/fr\/wp-json\/wp\/v2\/pages\/32\/revisions"}],"predecessor-version":[{"id":270573,"href":"https:\/\/digitalmainstreet.ca\/fr\/wp-json\/wp\/v2\/pages\/32\/revisions\/270573"}],"wp:attachment":[{"href":"https:\/\/digitalmainstreet.ca\/fr\/wp-json\/wp\/v2\/media?parent=32"}],"curies":[{"name":"wp","href":"https:\/\/api.w.org\/{rel}","templated":true}]}}