{"id":4441,"date":"2017-05-24T13:09:54","date_gmt":"2017-05-24T17:09:54","guid":{"rendered":"http:\/\/digitalmainstreet.ca\/?page_id=4441"},"modified":"2021-09-10T12:22:28","modified_gmt":"2021-09-10T16:22:28","slug":"digital-main-street-squad","status":"publish","type":"page","link":"https:\/\/digitalmainstreet.ca\/fr\/digital-main-street-squad\/","title":{"rendered":"Escouade Digital Main Street Squad"},"content":{"rendered":"<p>L'escouade Digital Main Street Squad est compos\u00e9e d'une \u00e9quipe d'\u00e9tudiants ou de r\u00e9cents dipl\u00f4m\u00e9s qualifi\u00e9s, dot\u00e9s de solides comp\u00e9tences et exp\u00e9riences en technologie et marketing num\u00e9rique que les communaut\u00e9s peuvent fournir \u00e0 leurs entreprises membres.<\/p>\n<p>Gr\u00e2ce \u00e0 l'escouade Digital Main Street Squad, les entreprises re\u00e7oivent de l'aide cibl\u00e9e pour d\u00e9marrer leurs activit\u00e9s, augmenter leur pr\u00e9sence num\u00e9rique et prendre de l'expansion.<\/p>\n<p>Digital Main Street propose du soutien personnalis\u00e9 avec le programme de l'escouade de service Digital Service Squad, afin d'offrir gratuitement \u00e0 votre entreprise des services de consultation et d'accompagnement en transformation num\u00e9rique. Ceci peut inclure, sans s'y limiter :<\/p>\n<ul>\n<li>Une \u00e9valuation en ligne de la litt\u00e9ratie num\u00e9rique de votre entreprise<\/li>\n<li>L'acc\u00e8s gratuit \u00e0 un programme de formation en ligne (par vid\u00e9o) en transformation num\u00e9rique<\/li>\n<li>Un site Web : r\u00e9vision, mise \u00e0 jour, cr\u00e9ation et meilleures pratiques<\/li>\n<li>La gestion des m\u00e9dias sociaux : soutien technique, meilleures pratiques, publicit\u00e9 et plus encore<\/li>\n<li>La technologie : soutien technique et conseils pour les meilleures options en mati\u00e8re d'outils technologiques \u00e0 mettre en \u0153uvre pour votre entreprise<\/li>\n<li>Plusieurs possibilit\u00e9s de soutien technique pour la transformation num\u00e9rique : programmes de fid\u00e9lisation, syst\u00e8mes de point de vente, commerce \u00e9lectronique, soutien pour les op\u00e9rations commerciales d'arri\u00e8re-plan (p. ex. installer QuickBooks, etc.)<\/li>\n<\/ul>\n<p>&nbsp;<\/p>\n<p><strong>Qu'est-ce que l'escouade de service Digital Service Squad?<\/strong><\/p>\n<p><iframe loading=\"lazy\" src=\"https:\/\/player.vimeo.com\/video\/388356855\" width=\"640\" height=\"360\" frameborder=\"0\" allowfullscreen=\"allowfullscreen\"><\/iframe><\/p>\n<p>&nbsp;<\/p>\n<p>&nbsp;<\/p>","protected":false},"excerpt":{"rendered":"<p>The Digital Main Street Squad is a team of trained students and\/or recent graduates with strong Technology and Digital Marketing skills and experiences that communities can access to provide to their business members. Through the Digital Main Street Squad businesses receive targeted support to get started, grow their digital presence and grow their business. Digital [&hellip;]<\/p>\n","protected":false},"author":1,"featured_media":0,"parent":0,"menu_order":0,"comment_status":"closed","ping_status":"closed","template":"template-fullwidth.php","meta":{"_acf_changed":false,"footnotes":""},"class_list":["post-4441","page","type-page","status-publish","hentry"],"acf":[],"yoast_head":"<!-- This site is optimized with the Yoast SEO Premium plugin v27.4 (Yoast SEO v27.4) - https:\/\/yoast.com\/product\/yoast-seo-premium-wordpress\/ -->\n<title>Digital Main Street Squad - Digital Main Street<\/title>\n<meta name=\"robots\" content=\"index, follow, max-snippet:-1, max-image-preview:large, max-video-preview:-1\" \/>\n<link rel=\"canonical\" href=\"https:\/\/digitalmainstreet.ca\/fr\/digital-main-street-squad\/\" \/>\n<meta property=\"og:locale\" content=\"fr_CA\" \/>\n<meta property=\"og:type\" content=\"article\" \/>\n<meta property=\"og:title\" content=\"Digital Main Street Squad\" \/>\n<meta property=\"og:description\" content=\"The Digital Main Street Squad is a team of trained students and\/or recent graduates with strong Technology and Digital Marketing skills and experiences that communities can access to provide to their business members. Through the Digital Main Street Squad businesses receive targeted support to get started, grow their digital presence and grow their business. Digital [&hellip;]\" \/>\n<meta property=\"og:url\" content=\"https:\/\/digitalmainstreet.ca\/fr\/digital-main-street-squad\/\" \/>\n<meta property=\"og:site_name\" content=\"Digital Main Street\" \/>\n<meta property=\"article:publisher\" content=\"https:\/\/www.facebook.com\/DigitalMainStreet\/\" \/>\n<meta property=\"article:modified_time\" content=\"2021-09-10T16:22:28+00:00\" \/>\n<meta property=\"og:image\" content=\"https:\/\/digitalmainstreet.ca\/wp-content\/uploads\/2018\/11\/DMS-Banner.jpg\" \/>\n\t<meta property=\"og:image:width\" content=\"800\" \/>\n\t<meta property=\"og:image:height\" content=\"400\" \/>\n\t<meta property=\"og:image:type\" content=\"image\/jpeg\" \/>\n<meta name=\"twitter:card\" content=\"summary_large_image\" \/>\n<meta name=\"twitter:site\" content=\"@digital_mainst\" \/>\n<meta name=\"twitter:label1\" content=\"Estimation du temps de lecture\" \/>\n\t<meta name=\"twitter:data1\" content=\"1 minute\" \/>\n<script type=\"application\/ld+json\" class=\"yoast-schema-graph\">{\"@context\":\"https:\\\/\\\/schema.org\",\"@graph\":[{\"@type\":\"WebPage\",\"@id\":\"https:\\\/\\\/digitalmainstreet.ca\\\/digital-main-street-squad\\\/\",\"url\":\"https:\\\/\\\/digitalmainstreet.ca\\\/digital-main-street-squad\\\/\",\"name\":\"Digital Main Street Squad - Digital Main Street\",\"isPartOf\":{\"@id\":\"https:\\\/\\\/digitalmainstreet.ca\\\/#website\"},\"datePublished\":\"2017-05-24T17:09:54+00:00\",\"dateModified\":\"2021-09-10T16:22:28+00:00\",\"breadcrumb\":{\"@id\":\"https:\\\/\\\/digitalmainstreet.ca\\\/digital-main-street-squad\\\/#breadcrumb\"},\"inLanguage\":\"fr-CA\",\"potentialAction\":[{\"@type\":\"ReadAction\",\"target\":[\"https:\\\/\\\/digitalmainstreet.ca\\\/digital-main-street-squad\\\/\"]}]},{\"@type\":\"BreadcrumbList\",\"@id\":\"https:\\\/\\\/digitalmainstreet.ca\\\/digital-main-street-squad\\\/#breadcrumb\",\"itemListElement\":[{\"@type\":\"ListItem\",\"position\":1,\"name\":\"Home\",\"item\":\"https:\\\/\\\/digitalmainstreet.ca\\\/\"},{\"@type\":\"ListItem\",\"position\":2,\"name\":\"Digital Main Street Squad\"}]},{\"@type\":\"WebSite\",\"@id\":\"https:\\\/\\\/digitalmainstreet.ca\\\/#website\",\"url\":\"https:\\\/\\\/digitalmainstreet.ca\\\/\",\"name\":\"Digital Main Street\",\"description\":\"Digital Main Street\",\"publisher\":{\"@id\":\"https:\\\/\\\/digitalmainstreet.ca\\\/#organization\"},\"potentialAction\":[{\"@type\":\"SearchAction\",\"target\":{\"@type\":\"EntryPoint\",\"urlTemplate\":\"https:\\\/\\\/digitalmainstreet.ca\\\/?s={search_term_string}\"},\"query-input\":{\"@type\":\"PropertyValueSpecification\",\"valueRequired\":true,\"valueName\":\"search_term_string\"}}],\"inLanguage\":\"fr-CA\"},{\"@type\":\"Organization\",\"@id\":\"https:\\\/\\\/digitalmainstreet.ca\\\/#organization\",\"name\":\"Digital Main Street\",\"url\":\"https:\\\/\\\/digitalmainstreet.ca\\\/\",\"logo\":{\"@type\":\"ImageObject\",\"inLanguage\":\"fr-CA\",\"@id\":\"https:\\\/\\\/digitalmainstreet.ca\\\/#\\\/schema\\\/logo\\\/image\\\/\",\"url\":\"https:\\\/\\\/digitalmainstreet.ca\\\/wp-content\\\/uploads\\\/2017\\\/04\\\/dms_logo_colour_boxed-e1492625281888.jpg\",\"contentUrl\":\"https:\\\/\\\/digitalmainstreet.ca\\\/wp-content\\\/uploads\\\/2017\\\/04\\\/dms_logo_colour_boxed-e1492625281888.jpg\",\"width\":533,\"height\":533,\"caption\":\"Digital Main Street\"},\"image\":{\"@id\":\"https:\\\/\\\/digitalmainstreet.ca\\\/#\\\/schema\\\/logo\\\/image\\\/\"},\"sameAs\":[\"https:\\\/\\\/www.facebook.com\\\/DigitalMainStreet\\\/\",\"https:\\\/\\\/x.com\\\/digital_mainst\"]}]}<\/script>\n<!-- \/ Yoast SEO Premium plugin. -->","yoast_head_json":{"title":"Digital Main Street Squad - Digital Main Street","robots":{"index":"index","follow":"follow","max-snippet":"max-snippet:-1","max-image-preview":"max-image-preview:large","max-video-preview":"max-video-preview:-1"},"canonical":"https:\/\/digitalmainstreet.ca\/fr\/digital-main-street-squad\/","og_locale":"fr_CA","og_type":"article","og_title":"Digital Main Street Squad","og_description":"The Digital Main Street Squad is a team of trained students and\/or recent graduates with strong Technology and Digital Marketing skills and experiences that communities can access to provide to their business members. Through the Digital Main Street Squad businesses receive targeted support to get started, grow their digital presence and grow their business. Digital [&hellip;]","og_url":"https:\/\/digitalmainstreet.ca\/fr\/digital-main-street-squad\/","og_site_name":"Digital Main Street","article_publisher":"https:\/\/www.facebook.com\/DigitalMainStreet\/","article_modified_time":"2021-09-10T16:22:28+00:00","og_image":[{"width":800,"height":400,"url":"https:\/\/digitalmainstreet.ca\/wp-content\/uploads\/2018\/11\/DMS-Banner.jpg","type":"image\/jpeg"}],"twitter_card":"summary_large_image","twitter_site":"@digital_mainst","twitter_misc":{"Estimation du temps de lecture":"1 minute"},"schema":{"@context":"https:\/\/schema.org","@graph":[{"@type":"WebPage","@id":"https:\/\/digitalmainstreet.ca\/digital-main-street-squad\/","url":"https:\/\/digitalmainstreet.ca\/digital-main-street-squad\/","name":"Digital Main Street Squad - Digital Main Street","isPartOf":{"@id":"https:\/\/digitalmainstreet.ca\/#website"},"datePublished":"2017-05-24T17:09:54+00:00","dateModified":"2021-09-10T16:22:28+00:00","breadcrumb":{"@id":"https:\/\/digitalmainstreet.ca\/digital-main-street-squad\/#breadcrumb"},"inLanguage":"fr-CA","potentialAction":[{"@type":"ReadAction","target":["https:\/\/digitalmainstreet.ca\/digital-main-street-squad\/"]}]},{"@type":"BreadcrumbList","@id":"https:\/\/digitalmainstreet.ca\/digital-main-street-squad\/#breadcrumb","itemListElement":[{"@type":"ListItem","position":1,"name":"Home","item":"https:\/\/digitalmainstreet.ca\/"},{"@type":"ListItem","position":2,"name":"Digital Main Street Squad"}]},{"@type":"WebSite","@id":"https:\/\/digitalmainstreet.ca\/#website","url":"https:\/\/digitalmainstreet.ca\/","name":"Digital Main Street","description":"Digital Main Street","publisher":{"@id":"https:\/\/digitalmainstreet.ca\/#organization"},"potentialAction":[{"@type":"SearchAction","target":{"@type":"EntryPoint","urlTemplate":"https:\/\/digitalmainstreet.ca\/?s={search_term_string}"},"query-input":{"@type":"PropertyValueSpecification","valueRequired":true,"valueName":"search_term_string"}}],"inLanguage":"fr-CA"},{"@type":"Organization","@id":"https:\/\/digitalmainstreet.ca\/#organization","name":"Digital Main Street","url":"https:\/\/digitalmainstreet.ca\/","logo":{"@type":"ImageObject","inLanguage":"fr-CA","@id":"https:\/\/digitalmainstreet.ca\/#\/schema\/logo\/image\/","url":"https:\/\/digitalmainstreet.ca\/wp-content\/uploads\/2017\/04\/dms_logo_colour_boxed-e1492625281888.jpg","contentUrl":"https:\/\/digitalmainstreet.ca\/wp-content\/uploads\/2017\/04\/dms_logo_colour_boxed-e1492625281888.jpg","width":533,"height":533,"caption":"Digital Main Street"},"image":{"@id":"https:\/\/digitalmainstreet.ca\/#\/schema\/logo\/image\/"},"sameAs":["https:\/\/www.facebook.com\/DigitalMainStreet\/","https:\/\/x.com\/digital_mainst"]}]}},"_links":{"self":[{"href":"https:\/\/digitalmainstreet.ca\/fr\/wp-json\/wp\/v2\/pages\/4441","targetHints":{"allow":["GET"]}}],"collection":[{"href":"https:\/\/digitalmainstreet.ca\/fr\/wp-json\/wp\/v2\/pages"}],"about":[{"href":"https:\/\/digitalmainstreet.ca\/fr\/wp-json\/wp\/v2\/types\/page"}],"author":[{"embeddable":true,"href":"https:\/\/digitalmainstreet.ca\/fr\/wp-json\/wp\/v2\/users\/1"}],"replies":[{"embeddable":true,"href":"https:\/\/digitalmainstreet.ca\/fr\/wp-json\/wp\/v2\/comments?post=4441"}],"version-history":[{"count":0,"href":"https:\/\/digitalmainstreet.ca\/fr\/wp-json\/wp\/v2\/pages\/4441\/revisions"}],"wp:attachment":[{"href":"https:\/\/digitalmainstreet.ca\/fr\/wp-json\/wp\/v2\/media?parent=4441"}],"curies":[{"name":"wp","href":"https:\/\/api.w.org\/{rel}","templated":true}]}}