{"id":88824,"date":"2020-09-21T15:51:07","date_gmt":"2020-09-21T19:51:07","guid":{"rendered":"https:\/\/digitalmainstreet.ca\/?page_id=88824"},"modified":"2023-10-31T13:53:47","modified_gmt":"2023-10-31T17:53:47","slug":"dms-courses","status":"publish","type":"page","link":"https:\/\/digitalmainstreet.ca\/fr\/dms-courses\/","title":{"rendered":"DMS Courses"},"content":{"rendered":"<p>Le programme Digital Main Street est fier d'offrir une s\u00e9rie de cours parmi les meilleurs de l'industrie, cr\u00e9\u00e9s sp\u00e9cialement pour les propri\u00e9taires de petites entreprises. Ces cours vous permettent d'explorer la transformation num\u00e9rique, des strat\u00e9gies pour relancer votre entreprise et plus encore. Chaque cours est enti\u00e8rement gratuit et accessible, morcel\u00e9 en courts segments vid\u00e9o pour que vous puissiez les faire \u00e0 votre rythme.<\/p>\n<p>***Veuillez noter que vous devez avoir cr\u00e9\u00e9 un compte pour petite entreprise Digital Main Street pour pouvoir acc\u00e9der aux cours. Si vous l'avez d\u00e9j\u00e0 fait, veuillez vous connecter, sinon veuillez vous inscrire et cr\u00e9er votre compte gratuitement.<\/p>","protected":false},"excerpt":{"rendered":"<p>Digital Main Street is proud to offer a suite of industry leading courses, created specifically for small business owners. These courses will allow you to explore Digital Transformation, strategies for Relaunching Your Business and more. Each course is completely free and accessible, and built in bite size clips so you can complete them at your [&hellip;]<\/p>\n","protected":false},"author":1,"featured_media":0,"parent":0,"menu_order":0,"comment_status":"closed","ping_status":"closed","template":"template-courses.php","meta":{"_acf_changed":false,"footnotes":""},"class_list":["post-88824","page","type-page","status-publish","hentry"],"acf":[],"yoast_head":"<!-- This site is optimized with the Yoast SEO Premium plugin v27.4 (Yoast SEO v27.4) - https:\/\/yoast.com\/product\/yoast-seo-premium-wordpress\/ -->\n<title>DMS Courses - Digital Main Street<\/title>\n<meta name=\"robots\" content=\"index, follow, max-snippet:-1, max-image-preview:large, max-video-preview:-1\" \/>\n<link rel=\"canonical\" href=\"https:\/\/digitalmainstreet.ca\/fr\/dms-courses\/\" \/>\n<meta property=\"og:locale\" content=\"fr_CA\" \/>\n<meta property=\"og:type\" content=\"article\" \/>\n<meta property=\"og:title\" content=\"DMS Courses\" \/>\n<meta property=\"og:description\" content=\"Digital Main Street is proud to offer a suite of industry leading courses, created specifically for small business owners. These courses will allow you to explore Digital Transformation, strategies for Relaunching Your Business and more. Each course is completely free and accessible, and built in bite size clips so you can complete them at your [&hellip;]\" \/>\n<meta property=\"og:url\" content=\"https:\/\/digitalmainstreet.ca\/fr\/dms-courses\/\" \/>\n<meta property=\"og:site_name\" content=\"Digital Main Street\" \/>\n<meta property=\"article:publisher\" content=\"https:\/\/www.facebook.com\/DigitalMainStreet\/\" \/>\n<meta property=\"article:modified_time\" content=\"2023-10-31T17:53:47+00:00\" \/>\n<meta property=\"og:image\" content=\"https:\/\/digitalmainstreet.ca\/wp-content\/uploads\/2018\/11\/DMS-Banner.jpg\" \/>\n\t<meta property=\"og:image:width\" content=\"800\" \/>\n\t<meta property=\"og:image:height\" content=\"400\" \/>\n\t<meta property=\"og:image:type\" content=\"image\/jpeg\" \/>\n<meta name=\"twitter:card\" content=\"summary_large_image\" \/>\n<meta name=\"twitter:site\" content=\"@digital_mainst\" \/>\n<script type=\"application\/ld+json\" class=\"yoast-schema-graph\">{\"@context\":\"https:\\\/\\\/schema.org\",\"@graph\":[{\"@type\":\"WebPage\",\"@id\":\"https:\\\/\\\/digitalmainstreet.ca\\\/dms-courses\\\/\",\"url\":\"https:\\\/\\\/digitalmainstreet.ca\\\/dms-courses\\\/\",\"name\":\"DMS Courses - Digital Main Street\",\"isPartOf\":{\"@id\":\"https:\\\/\\\/digitalmainstreet.ca\\\/#website\"},\"datePublished\":\"2020-09-21T19:51:07+00:00\",\"dateModified\":\"2023-10-31T17:53:47+00:00\",\"breadcrumb\":{\"@id\":\"https:\\\/\\\/digitalmainstreet.ca\\\/dms-courses\\\/#breadcrumb\"},\"inLanguage\":\"fr-CA\",\"potentialAction\":[{\"@type\":\"ReadAction\",\"target\":[\"https:\\\/\\\/digitalmainstreet.ca\\\/dms-courses\\\/\"]}]},{\"@type\":\"BreadcrumbList\",\"@id\":\"https:\\\/\\\/digitalmainstreet.ca\\\/dms-courses\\\/#breadcrumb\",\"itemListElement\":[{\"@type\":\"ListItem\",\"position\":1,\"name\":\"Home\",\"item\":\"https:\\\/\\\/digitalmainstreet.ca\\\/\"},{\"@type\":\"ListItem\",\"position\":2,\"name\":\"DMS Courses\"}]},{\"@type\":\"WebSite\",\"@id\":\"https:\\\/\\\/digitalmainstreet.ca\\\/#website\",\"url\":\"https:\\\/\\\/digitalmainstreet.ca\\\/\",\"name\":\"Digital Main Street\",\"description\":\"Digital Main Street\",\"publisher\":{\"@id\":\"https:\\\/\\\/digitalmainstreet.ca\\\/#organization\"},\"potentialAction\":[{\"@type\":\"SearchAction\",\"target\":{\"@type\":\"EntryPoint\",\"urlTemplate\":\"https:\\\/\\\/digitalmainstreet.ca\\\/?s={search_term_string}\"},\"query-input\":{\"@type\":\"PropertyValueSpecification\",\"valueRequired\":true,\"valueName\":\"search_term_string\"}}],\"inLanguage\":\"fr-CA\"},{\"@type\":\"Organization\",\"@id\":\"https:\\\/\\\/digitalmainstreet.ca\\\/#organization\",\"name\":\"Digital Main Street\",\"url\":\"https:\\\/\\\/digitalmainstreet.ca\\\/\",\"logo\":{\"@type\":\"ImageObject\",\"inLanguage\":\"fr-CA\",\"@id\":\"https:\\\/\\\/digitalmainstreet.ca\\\/#\\\/schema\\\/logo\\\/image\\\/\",\"url\":\"https:\\\/\\\/digitalmainstreet.ca\\\/wp-content\\\/uploads\\\/2017\\\/04\\\/dms_logo_colour_boxed-e1492625281888.jpg\",\"contentUrl\":\"https:\\\/\\\/digitalmainstreet.ca\\\/wp-content\\\/uploads\\\/2017\\\/04\\\/dms_logo_colour_boxed-e1492625281888.jpg\",\"width\":533,\"height\":533,\"caption\":\"Digital Main Street\"},\"image\":{\"@id\":\"https:\\\/\\\/digitalmainstreet.ca\\\/#\\\/schema\\\/logo\\\/image\\\/\"},\"sameAs\":[\"https:\\\/\\\/www.facebook.com\\\/DigitalMainStreet\\\/\",\"https:\\\/\\\/x.com\\\/digital_mainst\"]}]}<\/script>\n<!-- \/ Yoast SEO Premium plugin. -->","yoast_head_json":{"title":"DMS Courses - Digital Main Street","robots":{"index":"index","follow":"follow","max-snippet":"max-snippet:-1","max-image-preview":"max-image-preview:large","max-video-preview":"max-video-preview:-1"},"canonical":"https:\/\/digitalmainstreet.ca\/fr\/dms-courses\/","og_locale":"fr_CA","og_type":"article","og_title":"DMS Courses","og_description":"Digital Main Street is proud to offer a suite of industry leading courses, created specifically for small business owners. These courses will allow you to explore Digital Transformation, strategies for Relaunching Your Business and more. Each course is completely free and accessible, and built in bite size clips so you can complete them at your [&hellip;]","og_url":"https:\/\/digitalmainstreet.ca\/fr\/dms-courses\/","og_site_name":"Digital Main Street","article_publisher":"https:\/\/www.facebook.com\/DigitalMainStreet\/","article_modified_time":"2023-10-31T17:53:47+00:00","og_image":[{"width":800,"height":400,"url":"https:\/\/digitalmainstreet.ca\/wp-content\/uploads\/2018\/11\/DMS-Banner.jpg","type":"image\/jpeg"}],"twitter_card":"summary_large_image","twitter_site":"@digital_mainst","schema":{"@context":"https:\/\/schema.org","@graph":[{"@type":"WebPage","@id":"https:\/\/digitalmainstreet.ca\/dms-courses\/","url":"https:\/\/digitalmainstreet.ca\/dms-courses\/","name":"DMS Courses - Digital Main Street","isPartOf":{"@id":"https:\/\/digitalmainstreet.ca\/#website"},"datePublished":"2020-09-21T19:51:07+00:00","dateModified":"2023-10-31T17:53:47+00:00","breadcrumb":{"@id":"https:\/\/digitalmainstreet.ca\/dms-courses\/#breadcrumb"},"inLanguage":"fr-CA","potentialAction":[{"@type":"ReadAction","target":["https:\/\/digitalmainstreet.ca\/dms-courses\/"]}]},{"@type":"BreadcrumbList","@id":"https:\/\/digitalmainstreet.ca\/dms-courses\/#breadcrumb","itemListElement":[{"@type":"ListItem","position":1,"name":"Home","item":"https:\/\/digitalmainstreet.ca\/"},{"@type":"ListItem","position":2,"name":"DMS Courses"}]},{"@type":"WebSite","@id":"https:\/\/digitalmainstreet.ca\/#website","url":"https:\/\/digitalmainstreet.ca\/","name":"Digital Main Street","description":"Digital Main Street","publisher":{"@id":"https:\/\/digitalmainstreet.ca\/#organization"},"potentialAction":[{"@type":"SearchAction","target":{"@type":"EntryPoint","urlTemplate":"https:\/\/digitalmainstreet.ca\/?s={search_term_string}"},"query-input":{"@type":"PropertyValueSpecification","valueRequired":true,"valueName":"search_term_string"}}],"inLanguage":"fr-CA"},{"@type":"Organization","@id":"https:\/\/digitalmainstreet.ca\/#organization","name":"Digital Main Street","url":"https:\/\/digitalmainstreet.ca\/","logo":{"@type":"ImageObject","inLanguage":"fr-CA","@id":"https:\/\/digitalmainstreet.ca\/#\/schema\/logo\/image\/","url":"https:\/\/digitalmainstreet.ca\/wp-content\/uploads\/2017\/04\/dms_logo_colour_boxed-e1492625281888.jpg","contentUrl":"https:\/\/digitalmainstreet.ca\/wp-content\/uploads\/2017\/04\/dms_logo_colour_boxed-e1492625281888.jpg","width":533,"height":533,"caption":"Digital Main Street"},"image":{"@id":"https:\/\/digitalmainstreet.ca\/#\/schema\/logo\/image\/"},"sameAs":["https:\/\/www.facebook.com\/DigitalMainStreet\/","https:\/\/x.com\/digital_mainst"]}]}},"_links":{"self":[{"href":"https:\/\/digitalmainstreet.ca\/fr\/wp-json\/wp\/v2\/pages\/88824","targetHints":{"allow":["GET"]}}],"collection":[{"href":"https:\/\/digitalmainstreet.ca\/fr\/wp-json\/wp\/v2\/pages"}],"about":[{"href":"https:\/\/digitalmainstreet.ca\/fr\/wp-json\/wp\/v2\/types\/page"}],"author":[{"embeddable":true,"href":"https:\/\/digitalmainstreet.ca\/fr\/wp-json\/wp\/v2\/users\/1"}],"replies":[{"embeddable":true,"href":"https:\/\/digitalmainstreet.ca\/fr\/wp-json\/wp\/v2\/comments?post=88824"}],"version-history":[{"count":1,"href":"https:\/\/digitalmainstreet.ca\/fr\/wp-json\/wp\/v2\/pages\/88824\/revisions"}],"predecessor-version":[{"id":260696,"href":"https:\/\/digitalmainstreet.ca\/fr\/wp-json\/wp\/v2\/pages\/88824\/revisions\/260696"}],"wp:attachment":[{"href":"https:\/\/digitalmainstreet.ca\/fr\/wp-json\/wp\/v2\/media?parent=88824"}],"curies":[{"name":"wp","href":"https:\/\/api.w.org\/{rel}","templated":true}]}}